{"id":654,"date":"2022-06-28T10:33:52","date_gmt":"2022-06-28T10:33:52","guid":{"rendered":"https:\/\/tvmonton.com\/?page_id=654"},"modified":"2025-06-25T09:14:45","modified_gmt":"2025-06-25T09:14:45","slug":"contact","status":"publish","type":"page","link":"https:\/\/tvmonton.com\/eng\/contact\/","title":{"rendered":"Contact"},"content":{"rendered":"<p>[et_pb_section fb_built=\u201d1\u2033 _builder_version=\u201d4.17.1\u2033 _module_preset=\u201ddefault\u201d global_colors_info=\u201d{}\u201d][et_pb_row column_structure=\u201d1_2,1_2\u2033 _builder_version=\u201d4.17.1\u2033 _module_preset=\u201ddefault\u201d max_width=\u201d 1300px\u201d custom_margin=\u201d||4vh||false|false\u201d global_colors_info=\u201d{}\u201d][et_pb_column type=\u201d1_2\u2033 _builder_version=\u201d4.17.1\u2033 _module_preset=\u201ddefault\u201d global_colors_info=\u201d{}\u201d][et_pb_text _builder_version =\u201d4.17.1\u2033 _module_preset=\u201ddefault\u201d header_font=\u201dPoppins|||||||\u201d header_font_size=\u201d26px\u201d header_2_font=\u201dPoppins|||||||\u201d global_colors_info=\u201d{}\u201d]<\/p>\n<h1>Contact information<\/h1>\n<p>[\/et_pb_text][et_pb_blurb use_icon=\u201don\u201d font_icon=\u201d\ue090||divi||400\u2033 icon_color=\u201d#1A80B6\u2033 icon_placement=\u201dleft\u201d _builder_version=\u201d4.17.1\u2033 _module_preset=\u201ddefault\u201d header_font=\u201dPoppins\u201d 300 |||||||\u201d header_font_size=\u201d15px\u201d body_font=\u201dPoppins|300|||||||\u201d custom_css_blurb_image=\u201dvertical-align: middle;||position: relative;\u201d locked=\u201doff\u201d global_colors_info=\u201d{}\u201d]<\/p>\n<p>+34 935 79 80 21<\/p>\n<p>[\/et_pb_blurb][et_pb_blurb use_icon=\u201don\u201d font_icon=\u201d\uf3c5||fa||900\u2033 icon_color=\u201d#1A80B6\u2033 icon_placement=\u201dleft\u201d _builder_version=\u201d4.17.1\u2033 _module_preset=\u201ddefault\u201d header_font=\u201dPoppins\u201d 300 |||||||\u201d header_font_size=\u201d15px\u201d body_font=\u201dPoppins|300|||||||\u201d custom_css_blurb_image=\u201dvertical-align: middle;||position: relative;\u201d locked=\u201doff\u201d global_colors_info=\u201d{}\u201d]<\/p>\n<p>Pol\u00edgono Industrial Can Magarola, Carrer de Claudi Ara\u00f1\u00f3 i Ara\u00f1\u00f3, 19, 08100 Mollet del Vall\u00e8s, Barcelona<\/p>\n<p>[\/et_pb_blurb][et_pb_blurb use_icon=\u201don\u201d font_icon=\u201d\uf0e0||fa||900\u2033 icon_color=\u201d#1A80B6\u2033 icon_placement=\u201dleft\u201d _builder_version=\u201d4.17.1\u2033 _module_preset=\u201ddefault\u201d header_font=\u201dPoppins\u201d 300 |||||||\u201d header_font_size=\u201d15px\u201d body_font=\u201dPoppins|300|||||||\u201d body_link_text_color=\u201d#6B6B6B\u201d custom_css_blurb_image=\u201dvertical-align: middle;||position: relative;\u201d locked=\u201doff\u201d global_colors_info=\u201d{}\u201d]<\/p>\n<p><a href=\"mailto:tvmonton@tvmonton.com\">tvmonton@tvmonton.com<\/a><\/p>\n<p>[\/et_pb_blurb][et_pb_blurb use_icon=\u201don\u201d font_icon=\u201d\uf017||fa||900\u2033 icon_color=\u201d#1A80B6\u2033 icon_placement=\u201dleft\u201d _builder_version=\u201d4.20.0\u2033 _module_preset=\u201ddefault\u201d header_font=\u201dPoppins\u201d 300 |||||||\u201d header_font_size=\u201d15px\u201d body_font=\u201dPoppins|300|||||||\u201d custom_css_blurb_image=\u201dvertical-align: middle;||position: relative;\u201d locked=\u201doff\u201d global_colors_info=\u201d{}\u201d]<\/p>\n<p>From Monday to Thursday:<br \/>7:00 a.m. to 1:00 p.m. and from 2:00 p.m. to 5:00 p.m.<\/p>\n<p>Friday from 7:00 a.m. to 1:00 p.m<\/p>\n<p>[\/et_pb_blurb][\/et_pb_column][et_pb_column type=&#8221;1_2&#8243; _builder_version=&#8221;4.17.1&#8243; _module_preset=&#8221;default&#8221; global_colors_info=&#8221;{}&#8221;][et_pb_text _builder_version=&#8221;4.25.1&#8243; _module_preset=&#8221;default&#8221; header_font=&#8221;Poppins||||||||&#8221; header_font_size=&#8221;26px&#8221; header_2_font=&#8221;Poppins||||||||&#8221; global_colors_info=&#8221;{}&#8221;]<\/p>\n<h2>Form<\/h2>\n<p>[\/et_pb_text][et_pb_contact_form use_spam_service=&#8221;on&#8221; recaptcha_list=&#8221;Default|Default-0&#8243; email=&#8221;tvmonton@tvmonton.com&#8221; custom_message=&#8221;Nou missatge des del formulari de la web||et_pb_line_break_holder||||et_pb_line_break_holder||Nom: %%Name%%||et_pb_line_break_holder||Tel\u00e8fon: %%Telefon%%||et_pb_line_break_holder||Correu: %%Email%%||et_pb_line_break_holder||Missatge: %%message%%&#8221; submit_button_text=&#8221;Envia&#8221; _builder_version=&#8221;4.27.4&#8243; _module_preset=&#8221;default&#8221; _unique_id=&#8221;4e8559f6-1918-455f-9619-4059b0011f46&#8243; form_field_background_color=&#8221;#F5F9FB&#8221; custom_button=&#8221;on&#8221; button_text_color=&#8221;#FFFFFF&#8221; button_bg_color=&#8221;#087eb5&#8243; button_border_width=&#8221;0px&#8221; hover_enabled=&#8221;0&#8243; global_colors_info=&#8221;{}&#8221; sticky_enabled=&#8221;0&#8243;][et_pb_contact_field field_id=&#8221;Name&#8221; field_title=&#8221;Nom *&#8221; _builder_version=&#8221;4.27.0&#8243; global_colors_info=&#8221;{}&#8221; button_text_size__hover_enabled=&#8221;off&#8221; button_one_text_size__hover_enabled=&#8221;off&#8221; button_two_text_size__hover_enabled=&#8221;off&#8221; button_text_color__hover_enabled=&#8221;off&#8221; button_one_text_color__hover_enabled=&#8221;off&#8221; button_two_text_color__hover_enabled=&#8221;off&#8221; button_border_width__hover_enabled=&#8221;off&#8221; button_one_border_width__hover_enabled=&#8221;off&#8221; button_two_border_width__hover_enabled=&#8221;off&#8221; button_border_color__hover_enabled=&#8221;off&#8221; button_one_border_color__hover_enabled=&#8221;off&#8221; button_two_border_color__hover_enabled=&#8221;off&#8221; button_border_radius__hover_enabled=&#8221;off&#8221; button_one_border_radius__hover_enabled=&#8221;off&#8221; button_two_border_radius__hover_enabled=&#8221;off&#8221; button_letter_spacing__hover_enabled=&#8221;off&#8221; button_one_letter_spacing__hover_enabled=&#8221;off&#8221; button_two_letter_spacing__hover_enabled=&#8221;off&#8221; button_bg_color__hover_enabled=&#8221;off&#8221; button_one_bg_color__hover_enabled=&#8221;off&#8221; button_two_bg_color__hover_enabled=&#8221;off&#8221;][\/et_pb_contact_field][et_pb_contact_field field_id=&#8221;Telefon&#8221; field_title=&#8221;Tel\u00e8fon&#8221; required_mark=&#8221;off&#8221; _builder_version=&#8221;4.27.0&#8243; global_colors_info=&#8221;{}&#8221; button_text_size__hover_enabled=&#8221;off&#8221; button_one_text_size__hover_enabled=&#8221;off&#8221; button_two_text_size__hover_enabled=&#8221;off&#8221; button_text_color__hover_enabled=&#8221;off&#8221; button_one_text_color__hover_enabled=&#8221;off&#8221; button_two_text_color__hover_enabled=&#8221;off&#8221; button_border_width__hover_enabled=&#8221;off&#8221; button_one_border_width__hover_enabled=&#8221;off&#8221; button_two_border_width__hover_enabled=&#8221;off&#8221; button_border_color__hover_enabled=&#8221;off&#8221; button_one_border_color__hover_enabled=&#8221;off&#8221; button_two_border_color__hover_enabled=&#8221;off&#8221; button_border_radius__hover_enabled=&#8221;off&#8221; button_one_border_radius__hover_enabled=&#8221;off&#8221; button_two_border_radius__hover_enabled=&#8221;off&#8221; button_letter_spacing__hover_enabled=&#8221;off&#8221; button_one_letter_spacing__hover_enabled=&#8221;off&#8221; button_two_letter_spacing__hover_enabled=&#8221;off&#8221; button_bg_color__hover_enabled=&#8221;off&#8221; button_one_bg_color__hover_enabled=&#8221;off&#8221; button_two_bg_color__hover_enabled=&#8221;off&#8221;][\/et_pb_contact_field][et_pb_contact_field field_id=&#8221;Email&#8221; field_title=&#8221;Email *&#8221; field_type=&#8221;email&#8221; fullwidth_field=&#8221;on&#8221; _builder_version=&#8221;4.27.0&#8243; global_colors_info=&#8221;{}&#8221; button_text_size__hover_enabled=&#8221;off&#8221; button_one_text_size__hover_enabled=&#8221;off&#8221; button_two_text_size__hover_enabled=&#8221;off&#8221; button_text_color__hover_enabled=&#8221;off&#8221; button_one_text_color__hover_enabled=&#8221;off&#8221; button_two_text_color__hover_enabled=&#8221;off&#8221; button_border_width__hover_enabled=&#8221;off&#8221; button_one_border_width__hover_enabled=&#8221;off&#8221; button_two_border_width__hover_enabled=&#8221;off&#8221; button_border_color__hover_enabled=&#8221;off&#8221; button_one_border_color__hover_enabled=&#8221;off&#8221; button_two_border_color__hover_enabled=&#8221;off&#8221; button_border_radius__hover_enabled=&#8221;off&#8221; button_one_border_radius__hover_enabled=&#8221;off&#8221; button_two_border_radius__hover_enabled=&#8221;off&#8221; button_letter_spacing__hover_enabled=&#8221;off&#8221; button_one_letter_spacing__hover_enabled=&#8221;off&#8221; button_two_letter_spacing__hover_enabled=&#8221;off&#8221; button_bg_color__hover_enabled=&#8221;off&#8221; button_one_bg_color__hover_enabled=&#8221;off&#8221; button_two_bg_color__hover_enabled=&#8221;off&#8221;][\/et_pb_contact_field][et_pb_contact_field field_id=&#8221;Message&#8221; field_title=&#8221;Missatge *&#8221; field_type=&#8221;text&#8221; fullwidth_field=&#8221;on&#8221; _builder_version=&#8221;4.27.0&#8243; global_colors_info=&#8221;{}&#8221; button_text_size__hover_enabled=&#8221;off&#8221; button_one_text_size__hover_enabled=&#8221;off&#8221; button_two_text_size__hover_enabled=&#8221;off&#8221; button_text_color__hover_enabled=&#8221;off&#8221; button_one_text_color__hover_enabled=&#8221;off&#8221; button_two_text_color__hover_enabled=&#8221;off&#8221; button_border_width__hover_enabled=&#8221;off&#8221; button_one_border_width__hover_enabled=&#8221;off&#8221; button_two_border_width__hover_enabled=&#8221;off&#8221; button_border_color__hover_enabled=&#8221;off&#8221; button_one_border_color__hover_enabled=&#8221;off&#8221; button_two_border_color__hover_enabled=&#8221;off&#8221; button_border_radius__hover_enabled=&#8221;off&#8221; button_one_border_radius__hover_enabled=&#8221;off&#8221; button_two_border_radius__hover_enabled=&#8221;off&#8221; button_letter_spacing__hover_enabled=&#8221;off&#8221; button_one_letter_spacing__hover_enabled=&#8221;off&#8221; button_two_letter_spacing__hover_enabled=&#8221;off&#8221; button_bg_color__hover_enabled=&#8221;off&#8221; button_one_bg_color__hover_enabled=&#8221;off&#8221; button_two_bg_color__hover_enabled=&#8221;off&#8221;][\/et_pb_contact_field][et_pb_contact_field field_id=&#8221;Privacidad&#8221; field_title=&#8221; &#8221; field_type=&#8221;checkbox&#8221; checkbox_options=&#8221;%91{%22value%22:%22Accepto la %22,%22checked%22:0,%22dragID%22:-1,%22link_text%22:%22Pol\u00edtica de privacitat%22,%22link_url%22:%22https:\/\/assisoft-kitdigital.com\/test-sdtrauma\/politica-de-privacidad\/%22}%93&#8243; fullwidth_field=&#8221;on&#8221; _builder_version=&#8221;4.17.1&#8243; _module_preset=&#8221;default&#8221; global_colors_info=&#8221;{}&#8221;][\/et_pb_contact_field][\/et_pb_contact_form][et_pb_text _builder_version=&#8221;4.17.1&#8243; _module_preset=&#8221;default&#8221; link_text_color=&#8221;#087eb5&#8243; locked=&#8221;off&#8221; global_colors_info=&#8221;{}&#8221;]<\/p>\n<p class=\"translation-block\">This site is protected by reCAPTCHA and the <a href=\"https:\/\/policies.google.com\/privacy\" target=\"_self\" role=\"link\">Privacy Policy<\/a> and <a href=\"https:\/\/policies.google.com\/terms\" target=\"_self\" role=\"link\">Terms of Service<\/a> of Google.<\/p>\n<p>[\/et_pb_text][\/et_pb_column][\/et_pb_row][et_pb_row _builder_version=\u201d4.17.1\u2033 _module_preset=\u201ddefault\u201d max_width=\u201d1250px\u201d global_colors_info=\u201d{}\u201d][et_pb_column type=\u201d4_4\u2033 _builder_version=\u201d4.17. 1\u2033 _module_preset=\u201ddefault\u201d global_colors_info=\u201d{}\u201d][et_pb_text _builder_version=\u201d4.17.1\u2033 _module_preset=\u201ddefault\u201d header_font=\u201dPoppins||||||||\u201d header_font_size=\u201d26px\u201d header_2_font=\u201dPoppins|||||||\u201d custom_margin=\u201d||||false|false\u201d global_colors_info=\u201d{}\u201d]<\/p>\n<h2>Where are we?<\/h2>\n<p>[\/et_pb_text][et_pb_code _builder_version=\u201d4.17.1\u2033 _module_preset=\u201ddefault\u201d global_colors_info=\u201d{}\u201d]<iframe src=\"https:\/\/www.google.com\/maps\/embed?pb=!1m18!1m12!1m3!1d2985.7449351145965!2d2.230409817443847!3d41.55311959999999!2m3!1f0!2f0!3f0!3m2!1i1024!2i768!4f13.1!3m3!1m2!1s0x12a4b8cf6c5a6923%3A0xf08267f7014bd7a6!2sTalleres%20Valeriano%20Mont%C3%B3n!5e0!3m2!1ses!2ses!4v1656414139664!5m2!1ses!2ses\" width=\"1300\" height=\"450\" style=\"border:0;\" allowfullscreen=\"\" loading=\"lazy\" referrerpolicy=\"no-referrer-when-downgrade\"><\/iframe>[\/et_pb_code][\/et_pb_column][\/et_pb_row][\/et_pb_section]<\/p>","protected":false},"excerpt":{"rendered":"<p>Contact information+34 935 79 80 21 Pol\u00edgono Industrial Can Magarola, Carrer de Claudi Ara\u00f1\u00f3 i Ara\u00f1\u00f3, 19, 08100 Mollet del Vall\u00e8s, Barcelonatvmonton@tvmonton.com From Monday to Thursday: 7:00 a.m. to 1:00 p.m. and from 2:00 p.m. to 5:00 p.m. :00h Friday from 7:00h to 13:00hForm This site is protected by reCAPTCHA and Google&#039;s Privacy Policy and Terms of Service apply. Where [...]<\/p>","protected":false},"author":1,"featured_media":0,"parent":0,"menu_order":0,"comment_status":"closed","ping_status":"open","template":"","meta":{"_et_pb_use_builder":"on","_et_pb_old_content":"","_et_gb_content_width":"","footnotes":""},"class_list":["post-654","page","type-page","status-publish","hentry"],"yoast_head":"<!-- This site is optimized with the Yoast SEO plugin v26.6 - https:\/\/yoast.com\/wordpress\/plugins\/seo\/ -->\n<title>Contacte - Talleres Valeriano Monton<\/title>\n<meta name=\"description\" content=\"Contacta amb nosaltres i respondrem tots els dubtes que tingui sobre els serveis i productes que oferim. Estem ubicats a Mollet del Vall\u00e8s.\" \/>\n<meta name=\"robots\" content=\"index, follow, max-snippet:-1, max-image-preview:large, max-video-preview:-1\" \/>\n<link rel=\"canonical\" href=\"https:\/\/tvmonton.com\/eng\/contact\/\" \/>\n<meta property=\"og:locale\" content=\"en_US\" \/>\n<meta property=\"og:type\" content=\"article\" \/>\n<meta property=\"og:title\" content=\"Contacte - Talleres Valeriano Monton\" \/>\n<meta property=\"og:description\" content=\"Contacta amb nosaltres i respondrem tots els dubtes que tingui sobre els serveis i productes que oferim. Estem ubicats a Mollet del Vall\u00e8s.\" \/>\n<meta property=\"og:url\" content=\"https:\/\/tvmonton.com\/eng\/contact\/\" \/>\n<meta property=\"og:site_name\" content=\"Talleres Valeriano Monton\" \/>\n<meta property=\"article:publisher\" content=\"https:\/\/www.facebook.com\/profile.php?id=100066883296772\" \/>\n<meta property=\"article:modified_time\" content=\"2025-06-25T09:14:45+00:00\" \/>\n<meta name=\"twitter:card\" content=\"summary_large_image\" \/>\n<meta name=\"twitter:site\" content=\"@TV_Monton\" \/>\n<meta name=\"twitter:label1\" content=\"Est. reading time\" \/>\n\t<meta name=\"twitter:data1\" content=\"2 minutes\" \/>\n<script type=\"application\/ld+json\" class=\"yoast-schema-graph\">{\"@context\":\"https:\/\/schema.org\",\"@graph\":[{\"@type\":\"WebPage\",\"@id\":\"https:\/\/tvmonton.com\/contacte\/\",\"url\":\"https:\/\/tvmonton.com\/contacte\/\",\"name\":\"Contacte - Talleres Valeriano Monton\",\"isPartOf\":{\"@id\":\"https:\/\/tvmonton.com\/#website\"},\"datePublished\":\"2022-06-28T10:33:52+00:00\",\"dateModified\":\"2025-06-25T09:14:45+00:00\",\"description\":\"Contacta amb nosaltres i respondrem tots els dubtes que tingui sobre els serveis i productes que oferim. Estem ubicats a Mollet del Vall\u00e8s.\",\"breadcrumb\":{\"@id\":\"https:\/\/tvmonton.com\/contacte\/#breadcrumb\"},\"inLanguage\":\"en-US\",\"potentialAction\":[{\"@type\":\"ReadAction\",\"target\":[\"https:\/\/tvmonton.com\/contacte\/\"]}]},{\"@type\":\"BreadcrumbList\",\"@id\":\"https:\/\/tvmonton.com\/contacte\/#breadcrumb\",\"itemListElement\":[{\"@type\":\"ListItem\",\"position\":1,\"name\":\"Inici\",\"item\":\"https:\/\/tvmonton.com\/\"},{\"@type\":\"ListItem\",\"position\":2,\"name\":\"Contacte\"}]},{\"@type\":\"WebSite\",\"@id\":\"https:\/\/tvmonton.com\/#website\",\"url\":\"https:\/\/tvmonton.com\/\",\"name\":\"Talleres Valeriano Monton\",\"description\":\"TvMonton\",\"publisher\":{\"@id\":\"https:\/\/tvmonton.com\/#organization\"},\"inLanguage\":\"en-US\"},{\"@type\":\"Organization\",\"@id\":\"https:\/\/tvmonton.com\/#organization\",\"name\":\"TVmonton\",\"url\":\"https:\/\/tvmonton.com\/\",\"logo\":{\"@type\":\"ImageObject\",\"inLanguage\":\"en-US\",\"@id\":\"https:\/\/tvmonton.com\/#\/schema\/logo\/image\/\",\"url\":\"https:\/\/tvmonton.com\/wp-content\/uploads\/2022\/09\/tvm-footer.jpg\",\"contentUrl\":\"https:\/\/tvmonton.com\/wp-content\/uploads\/2022\/09\/tvm-footer.jpg\",\"width\":150,\"height\":150,\"caption\":\"TVmonton\"},\"image\":{\"@id\":\"https:\/\/tvmonton.com\/#\/schema\/logo\/image\/\"},\"sameAs\":[\"https:\/\/www.facebook.com\/profile.php?id=100066883296772\",\"https:\/\/x.com\/TV_Monton\",\"https:\/\/www.instagram.com\/talleres_valeriano_monton\/\"]}]}<\/script>\n<!-- \/ Yoast SEO plugin. -->","yoast_head_json":{"title":"Contacte - Talleres Valeriano Monton","description":"Contacta amb nosaltres i respondrem tots els dubtes que tingui sobre els serveis i productes que oferim. Estem ubicats a Mollet del Vall\u00e8s.","robots":{"index":"index","follow":"follow","max-snippet":"max-snippet:-1","max-image-preview":"max-image-preview:large","max-video-preview":"max-video-preview:-1"},"canonical":"https:\/\/tvmonton.com\/eng\/contact\/","og_locale":"en_US","og_type":"article","og_title":"Contacte - Talleres Valeriano Monton","og_description":"Contacta amb nosaltres i respondrem tots els dubtes que tingui sobre els serveis i productes que oferim. Estem ubicats a Mollet del Vall\u00e8s.","og_url":"https:\/\/tvmonton.com\/eng\/contact\/","og_site_name":"Talleres Valeriano Monton","article_publisher":"https:\/\/www.facebook.com\/profile.php?id=100066883296772","article_modified_time":"2025-06-25T09:14:45+00:00","twitter_card":"summary_large_image","twitter_site":"@TV_Monton","twitter_misc":{"Est. reading time":"2 minutes"},"schema":{"@context":"https:\/\/schema.org","@graph":[{"@type":"WebPage","@id":"https:\/\/tvmonton.com\/contacte\/","url":"https:\/\/tvmonton.com\/contacte\/","name":"Contacte - Talleres Valeriano Monton","isPartOf":{"@id":"https:\/\/tvmonton.com\/#website"},"datePublished":"2022-06-28T10:33:52+00:00","dateModified":"2025-06-25T09:14:45+00:00","description":"Contacta amb nosaltres i respondrem tots els dubtes que tingui sobre els serveis i productes que oferim. Estem ubicats a Mollet del Vall\u00e8s.","breadcrumb":{"@id":"https:\/\/tvmonton.com\/contacte\/#breadcrumb"},"inLanguage":"en-US","potentialAction":[{"@type":"ReadAction","target":["https:\/\/tvmonton.com\/contacte\/"]}]},{"@type":"BreadcrumbList","@id":"https:\/\/tvmonton.com\/contacte\/#breadcrumb","itemListElement":[{"@type":"ListItem","position":1,"name":"Inici","item":"https:\/\/tvmonton.com\/"},{"@type":"ListItem","position":2,"name":"Contacte"}]},{"@type":"WebSite","@id":"https:\/\/tvmonton.com\/#website","url":"https:\/\/tvmonton.com\/","name":"Talleres Valeriano Monton","description":"TvMonton","publisher":{"@id":"https:\/\/tvmonton.com\/#organization"},"inLanguage":"en-US"},{"@type":"Organization","@id":"https:\/\/tvmonton.com\/#organization","name":"TVmonton","url":"https:\/\/tvmonton.com\/","logo":{"@type":"ImageObject","inLanguage":"en-US","@id":"https:\/\/tvmonton.com\/#\/schema\/logo\/image\/","url":"https:\/\/tvmonton.com\/wp-content\/uploads\/2022\/09\/tvm-footer.jpg","contentUrl":"https:\/\/tvmonton.com\/wp-content\/uploads\/2022\/09\/tvm-footer.jpg","width":150,"height":150,"caption":"TVmonton"},"image":{"@id":"https:\/\/tvmonton.com\/#\/schema\/logo\/image\/"},"sameAs":["https:\/\/www.facebook.com\/profile.php?id=100066883296772","https:\/\/x.com\/TV_Monton","https:\/\/www.instagram.com\/talleres_valeriano_monton\/"]}]}},"_links":{"self":[{"href":"https:\/\/tvmonton.com\/eng\/wp-json\/wp\/v2\/pages\/654","targetHints":{"allow":["GET"]}}],"collection":[{"href":"https:\/\/tvmonton.com\/eng\/wp-json\/wp\/v2\/pages"}],"about":[{"href":"https:\/\/tvmonton.com\/eng\/wp-json\/wp\/v2\/types\/page"}],"author":[{"embeddable":true,"href":"https:\/\/tvmonton.com\/eng\/wp-json\/wp\/v2\/users\/1"}],"replies":[{"embeddable":true,"href":"https:\/\/tvmonton.com\/eng\/wp-json\/wp\/v2\/comments?post=654"}],"version-history":[{"count":1,"href":"https:\/\/tvmonton.com\/eng\/wp-json\/wp\/v2\/pages\/654\/revisions"}],"predecessor-version":[{"id":6336,"href":"https:\/\/tvmonton.com\/eng\/wp-json\/wp\/v2\/pages\/654\/revisions\/6336"}],"wp:attachment":[{"href":"https:\/\/tvmonton.com\/eng\/wp-json\/wp\/v2\/media?parent=654"}],"curies":[{"name":"wp","href":"https:\/\/api.w.org\/{rel}","templated":true}]}}